{"id":102,"date":"2021-03-10T03:36:53","date_gmt":"2021-03-10T03:36:53","guid":{"rendered":"http:\/\/cinemagaspesie.local\/?page_id=102"},"modified":"2021-04-22T17:57:31","modified_gmt":"2021-04-22T21:57:31","slug":"accueil","status":"publish","type":"page","link":"https:\/\/perceides.ca\/etatsgenerauxartsmediatiquesgaspesie\/","title":{"rendered":"Accueil"},"content":{"rendered":"\n<h2 class=\"wp-block-heading\"><strong><strong>LE FESTIVAL LES PERC\u00c9IDES ET LA GRANDE RENCONTRE DES ARTS M\u00c9DIATIQUES EN GASP\u00c9SIE CR\u00c9ENT LES PREMIERS \u00c9TATS G\u00c9N\u00c9RAUX DES ARTS M\u00c9DIATIQUES EN GASP\u00c9SIE LES 15 ET 16 MAI 2021 EN LIGNE<\/strong><\/strong><\/h2>\n\n\n\n<p class=\"has-text-align-right\"><strong>English version follows<\/strong><\/p>\n\n\n\n<figure class=\"wp-block-image size-large\"><img loading=\"lazy\" decoding=\"async\" width=\"847\" height=\"683\" src=\"https:\/\/perceides.ca\/etatsgenerauxartsmediatiquesgaspesie\/wp-content\/uploads\/2021\/04\/mosaique_b.png\" alt=\"\" class=\"wp-image-1069\" srcset=\"https:\/\/perceides.ca\/etatsgenerauxartsmediatiquesgaspesie\/wp-content\/uploads\/2021\/04\/mosaique_b.png 847w, https:\/\/perceides.ca\/etatsgenerauxartsmediatiquesgaspesie\/wp-content\/uploads\/2021\/04\/mosaique_b-600x484.png 600w, https:\/\/perceides.ca\/etatsgenerauxartsmediatiquesgaspesie\/wp-content\/uploads\/2021\/04\/mosaique_b-768x619.png 768w\" sizes=\"auto, (max-width: 847px) 100vw, 847px\" \/><\/figure>\n\n\n\n<p><strong>Perc\u00e9, le 21 avril 2021<\/strong> &#8211; Le Festival de cin\u00e9ma Les Perc\u00e9ides et la Grande rencontre des arts m\u00e9diatiques en Gasp\u00e9sie sont tr\u00e8s heureux d\u2019annoncer la tenue historique des premiers \u00c9tats g\u00e9n\u00e9raux des arts m\u00e9diatiques en Gasp\u00e9sie qui se d\u00e9rouleront les samedi 15 et dimanche 16 mai prochains EN LIGNE.<\/p>\n\n\n\n<p><strong>VALORISER ET FAIRE RECONNA\u00ceTRE LE D\u00c9VELOPPEMENT PROFESSIONNEL LI\u00c9 AUX ARTS M\u00c9DIATIQUES ET NUM\u00c9RIQUES EN GASP\u00c9SIE.<\/strong><br><br>Les premiers \u00c9tats g\u00e9n\u00e9raux des arts m\u00e9diatiques en Gasp\u00e9sie qui se d\u00e9rouleront les 15 et 16 mai 2021 EN LIGNE s\u2019inscrivent dans l\u2019histoire. Cette rencontre exceptionnelle constitue une invitation aux acteurs de terrain de l\u2019action culturelle, \u00e0 d\u00e9battre et \u00e9changer \u00e0 partir d\u2019un \u00e9tat des lieux des arts m\u00e9diatiques et num\u00e9riques en Gasp\u00e9sie et ce afin de d\u00e9finir ensemble une v\u00e9ritable \u00ab charte \u00bb de l\u2019action culturelle m\u00e9diatique en r\u00e9gion.<\/p>\n\n\n\n<p>L\u2019un des objectifs des \u00e9tats g\u00e9n\u00e9raux est de t\u00e9moigner des pratiques de terrain de d\u00e9finir les enjeux principaux afin de pouvoir d\u00e9gager les lignes strat\u00e9giques d\u2019un engagement structurantpour le d\u00e9veloppement des arts m\u00e9diatiques et num\u00e9riques en Gasp\u00e9sie. Le <em>Festival Les Perc\u00e9ides<\/em> et La <em>Grande rencontre des arts m\u00e9diatiques en Gasp\u00e9sie<\/em>, \u00e9v\u00e9nements annuels gasp\u00e9siens se positionnent comme des organes f\u00e9d\u00e9rateurs de l\u2019ensemble des pratiques en arts cin\u00e9matographiques et m\u00e9diatiques en Gasp\u00e9sie, dans le but de pouvoir interpeller les responsables professionnels et politiques sur ces questions.<\/p>\n\n\n\n<p><strong><strong>CONF\u00c9RENCIERS\/INTERVENTIONS\/\u00c9CHANGES<\/strong><\/strong><\/p>\n\n\n\n<p>CLAIRE MOEDER<br><strong>Artiste multidisciplinaire de la Gasp\u00e9sie<\/strong><br>Conf\u00e9rence : <a href=\"https:\/\/perceides.ca\/etatsgenerauxartsmediatiquesgaspesie\/programmation\/ou-tu-vas-quand-tu-crees-en-marchant\/\">O\u00f9 tu vas quand tu cr\u00e9es en marchant ? Une r\u00e9sidence nomade le long du littoral entre texte et image<\/a><\/p>\n\n\n\n<p>FABRICE MONTAL<br><strong>Historien du cin\u00e9ma et des arts m\u00e9diatiques<\/strong><br>Conf\u00e9rence : <a href=\"https:\/\/perceides.ca\/etatsgenerauxartsmediatiquesgaspesie\/programmation\/les-arts-mediatiques-un-survol-historique\/\">Les arts m\u00e9diatiques: un survol historique<\/a><\/p>\n\n\n\n<p>MARYSE GOUDREAU<br><strong>Artiste multidisciplinaire de la Gasp\u00e9sie<\/strong><br>Conf\u00e9rence : <a href=\"https:\/\/perceides.ca\/etatsgenerauxartsmediatiquesgaspesie\/programmation\/une-plonge-dans-le-vertige-des-archives\/\">Une plong\u00e9e dans le vertige des archives<\/a><\/p>\n\n\n\n<p>MO\u00cfSE MARCOUX-CHABOT<br><strong>R\u00e9alisateur de la Gasp\u00e9sie<\/strong><br>Conf\u00e9rence : <a href=\"https:\/\/perceides.ca\/etatsgenerauxartsmediatiquesgaspesie\/programmation\/ramailler-distance-et-proximite\/\">Ramailler distance et proximit\u00e9<\/a><\/p>\n\n\n\n<p>GUILLAUME VALL\u00c9E<br><strong>Cin\u00e9aste exp\u00e9rimental et artiste vid\u00e9o<\/strong><br>Conf\u00e9rence : <a href=\"https:\/\/perceides.ca\/etatsgenerauxartsmediatiquesgaspesie\/programmation\/parcours-hybridite-et-glitch-analogique\/\">Parcours, hybridit\u00e9 et glitch analogique<\/a><\/p>\n\n\n\n<p>JOHN BLOUIN<br><strong>Cin\u00e9aste, artiste m\u00e9diatique et commissaire ind\u00e9pendant<\/strong><br>Conf\u00e9rence : <a href=\"https:\/\/perceides.ca\/etatsgenerauxartsmediatiquesgaspesie\/programmation\/au-seuil-de-lanalogique-et-du-numerique-lart\/\">Au seuil de l\u2019analogique et du num\u00e9rique, l\u2019art<\/a><\/p>\n\n\n\n<p>JULIEN BOISVERT<br><strong>Cin\u00e9aste et activiste<\/strong><br>Conf\u00e9rence : <a href=\"https:\/\/perceides.ca\/etatsgenerauxartsmediatiquesgaspesie\/programmation\/faire-de-la-webfiction-avantages-et-inconvenients\/\">Faire de la webfiction: avantages et inconv\u00e9nients<\/a><\/p>\n\n\n\n<p>ELOI CHAMPAGNE<br><strong>Directeur technique \u00e0 l&#8217;Office national du film du Canada<\/strong><br>Conf\u00e9rence : <a href=\"https:\/\/perceides.ca\/etatsgenerauxartsmediatiquesgaspesie\/programmation\/les-nouveaux-outils-de-creation-immersifs-et-en-temps-reel-leurs-impacts-sur-la-creation-et-la-production-cinematographique\/\">Les nouveaux outils de cr\u00e9ation immersifs et en temps r\u00e9el : leurs impacts sur la cr\u00e9ation et la production cin\u00e9matographique<\/a><\/p>\n\n\n\n<p>KARINE BOULANGER<br><strong>Conservatrice<\/strong><br>Conf\u00e9rence : <a href=\"https:\/\/perceides.ca\/etatsgenerauxartsmediatiquesgaspesie\/programmation\/la-diffusion-des-arts-mediatiques-quels-contextes\/\">La diffusion des arts m\u00e9diatiques, quels contextes?<\/a><\/p>\n\n\n\n<p>JONATHAN DESJARLAIS<br><strong>Photographe et Vid\u00e9o-Jockey de Gasp\u00e9<\/strong><br>Conf\u00e9rence : <a href=\"https:\/\/perceides.ca\/etatsgenerauxartsmediatiquesgaspesie\/programmation\/cest-quoi-le-v-dans-vjing\/\">C\u2019est quoi le V dans Vjing?<\/a><\/p>\n\n\n\n<p>KATHY KENNEDY<br><strong>Artiste sonore<\/strong><br>Conf\u00e9rence : <a href=\"https:\/\/perceides.ca\/etatsgenerauxartsmediatiquesgaspesie\/programmation\/rencontre-autour-du-projet-radio-drive-in-a-douglastown-avec-kathy-kennedy\/\">Rencontre autour du projet Radio Drive-in \u00e0 Douglastown avec Kathy Kennedy<\/a><\/p>\n\n\n\n<p>JONAS LUCYCKX<br><strong>Cin\u00e9aste et producteur (Belgique)<\/strong><br>Conf\u00e9rence : <a href=\"https:\/\/perceides.ca\/etatsgenerauxartsmediatiquesgaspesie\/programmation\/les-brise-lames-espace-de-valorisation-et-de-diffusion-de-paroles-de-jeunes\/\">Les brise-lames, espace de valorisation et de diffusion de paroles de jeunes<\/a><\/p>\n\n\n\n<p>DIANE POITRAS,  RUI SILVEIRA et VLADIM DUMESH<br><strong>Labdoc &#8211; Le laboratoire de recherche sur les pratiques audiovisuelles documentaires (UQAM)<\/strong><br>Conf\u00e9rence :&nbsp;<a href=\"https:\/\/perceides.ca\/etatsgenerauxartsmediatiquesgaspesie\/programmation\/rencontre-autour-du-projet-labdoc-avec-diane-poitras-rui-silveira-et-vadims-dumesh\/\">Rencontre autour des projets du labdoc<\/a><\/p>\n\n\n\n<p>MYRIAM ACHARD<br><strong>Chef &#8211; Partenariats Nouveaux M\u00e9dias &amp; PR, PHI<\/strong><br>Conf\u00e9rence :<a href=\"https:\/\/perceides.ca\/etatsgenerauxartsmediatiquesgaspesie\/programmation\/etude-de-cas-autour-de-lexperience-de-realite-virtuelle-carne-y-arena-dalejandro-gonzalez-inarritu\/\"> \u00c9tude de cas autour de l\u2019exp\u00e9rience de r\u00e9alit\u00e9 virtuelle CARNE y ARENA du cin\u00e9aste mexicain Alejandro Gonz\u00e1lez I\u00f1\u00e1rritu<\/a><\/p>\n\n\n\n<p>En plus d\u2019assister aux conf\u00e9rences inspirantes de ces artistes et artisans nous voyagerons dans diff\u00e9rents lieux pour aller \u00e0 la rencontre de projets d\u2019arts num\u00e9riques audacieux entre autre&nbsp;:<\/p>\n\n\n\n<p>Au Mus\u00e9e de la Gasp\u00e9sie nous irons rencontrer Katherine Yockell responsable de l\u2019animation qui nous pr\u00e9sentera une exposition qui fait appel aux technologies num\u00e9riques. Nous visiterons l\u2019exposition <a href=\"https:\/\/museedelagaspesie.ca\/pages\/le-grand-large-exposition\">Le grand large<\/a> qui raconte l\u2019histoire de la Gasp\u00e9sie \u00e0 travers quinze voiliers, des drakkars vikings aux Gasp\u00e9siennes, en passant par les canots de haute mer micmacs. L\u2019exposition en cours fait appel \u00e0 la r\u00e9alit\u00e9 augment\u00e9e, \u00e0 la r\u00e9alit\u00e9 virtuelle et \u00e0 l\u2019utilisation d\u2019hologrammes.&nbsp;<\/p>\n\n\n\n<p>A Matane nous irons \u00e0 la rencontre du commissaire Gilles Arteau qui nous fera visiter une exposition actuellement en cours dans le cadre de l\u2019\u00e9v\u00e9nement photographique et num\u00e9rique <a href=\"https:\/\/www.espacephos.net\/\">PHOS<\/a> qui d\u00e9marre sa huiti\u00e8me \u00e9dition le 14 mai en Gasp\u00e9sie.<\/p>\n\n\n\n<p>Enfin nous irons \u00e0 la rencontre de Myriam Achard du Centre PHI \u00e0 Montr\u00e9al qui nous pr\u00e9sentera le contexte de l\u2019\u0153uvre num\u00e9rique du cin\u00e9aste mexicain Alejandro G. I\u00f1\u00e1rritu, <a href=\"https:\/\/carne-y-arena.com\/fr\">Carne y arena<\/a>, une exp\u00e9rience immersive de r\u00e9alit\u00e9 virtuelle exceptionnelle et saisissante actuellement pr\u00e9sent\u00e9e \u00e0 l\u2019Arsenal \u00e0 Montr\u00e9al et dont la premi\u00e8re mondiale f\u00fbt pr\u00e9sent\u00e9e au Festival de Cannes.<\/p>\n\n\n\n<p><strong>SC\u00c9NARISER L\u2019AVENIR<\/strong><br>Des recommandations et un m\u00e9moire seront r\u00e9dig\u00e9s afin de valoriser et faire reconna\u00eetre le d\u00e9veloppement professionnel li\u00e9 aux arts m\u00e9diatiques et au 7e art en Gasp\u00e9sie. \u00ab Bienvenue aux participants(es) et aux \u00e9claireurs. Ensemble \u00e9crivons une nouvelle page de l\u2019histoire des arts m\u00e9diatiques et du cin\u00e9ma ind\u00e9pendant en r\u00e9gion. \u00bb a d\u00e9clar\u00e9 Fran\u00e7ois Cormier instigateur de l\u2019\u00e9v\u00e9nement, co-d\u00e9l\u00e9gu\u00e9 des \u00c9tats g\u00e9n\u00e9raux des arts m\u00e9diatiques en Gasp\u00e9sie et fondateur, directeur g\u00e9n\u00e9ral et artistique du Festival Les Perc\u00e9ides et de la Grande rencontre des arts m\u00e9diatiques en Gasp\u00e9sie.<\/p>\n\n\n\n<p>\u00ab Ces \u00e9tats g\u00e9n\u00e9raux donnent l\u2019occasion de r\u00e9fl\u00e9chir ensemble sur les pratiques et les enjeux actuels entourant les arts m\u00e9diatiques en r\u00e9gion. J\u2019ai la conviction que discuter et \u00e9changer sur l\u2019art m\u00e9diatique en Gasp\u00e9sie permettra d\u2019ouvrir vers de nouvelles opportunit\u00e9s de collaborations fructueuses \u00bb a pour sa part d\u00e9clar\u00e9 Esther Bourdages \u2013 Co-d\u00e9l\u00e9gu\u00e9e des \u00c9tats g\u00e9n\u00e9raux des arts m\u00e9diatiques en Gasp\u00e9sie et commissaire de la Grande rencontre des arts m\u00e9diatiques en Gasp\u00e9sie.<\/p>\n\n\n\n<p>Alexandra Guit\u00e9, originaire de Perc\u00e9, r\u00e9alisatrice et professeure de cin\u00e9ma et de philosophie agira \u00e0 titre de mod\u00e9ratrice et m\u00e9diatrice culturelle de l\u2019\u00e9v\u00e9nement. A propos de l\u2019\u00e9v\u00e9nement elle a d\u00e9clar\u00e9 \u00ab \u00c0 d\u00e9faut d\u2019\u00eatre tous r\u00e9unis en terre gasp\u00e9sienne, nous \u00e9nergisant de ses embruns, saisissons cette occasion virtuelle pour mieux cerner l\u2019\u00e9tat des lieux de nos domaines artistiques, nouer de pr\u00e9cieuses collaborations et ouvrir de nouveaux horizons cr\u00e9atifs. \u00bb<\/p>\n\n\n\n<p>Les inscriptions sont ouvertes et les participants peuvent s\u2019inscrire d\u00e8s aujourd\u2019hui pour obtenir leur Passeport Num\u00e9rique.<\/p>\n\n\n\n<p><strong>PASSEPORT NUM\u00c9RIQUE<\/strong><br><strong>Frais d\u2019inscription pour les deux jours :<\/strong> $ 75.00 (g\u00e9n\u00e9ral), $ 45.00 (\u00e9tudiant)<br><strong>Tarifs l\u00e8ve-t\u00f4t&nbsp;avant le 1<sup>er<\/sup> mai 2021&nbsp;:<\/strong> $ 60.00 (g\u00e9n\u00e9ral), $ 30.00 (\u00e9tudiant)<\/p>\n\n\n\n<p>Relations de presse&nbsp;: <br>IXION Communications <a href=\"mailto:info@ixioncommunications.com\">info@ixioncommunications.com<\/a> <br>T&nbsp;: 514-495-8176<\/p>\n\n\n\n<p><a href=\"https:\/\/perceides.ca\/salle-de-presse\/\">Salle de presse<\/a><\/p>\n\n\n\n<hr class=\"wp-block-separator\"\/>\n\n\n\n<h2 class=\"wp-block-heading\"><strong>THE FESTIVAL LES PERC\u00c9IDES AND THE GRANDE RENCONTRE DES ARTS M\u00c9DIATIQUES EN GASP\u00c9SIE WILL HOLD THEIR FIRST GENERAL ASSEMBLY FOR MEDIA ARTS IN GASP\u00c9SIE, ONLINE, MAY 15 &amp; 16<\/strong><\/h2>\n\n\n\n<p>The film festival <em>Les Perc\u00e9ides<\/em> and <em>la Grande rencontre des arts m\u00e9diatiques en Gasp\u00e9sie<\/em> are very happy to announce the historical first General Assembly for Media Arts in Gasp\u00e9sie, which will take place ONLINE, Saturday May 15 and Sunday May 16.<br><strong><br>TO PROMOTE AND RECOGNIZE PROFESSIONAL DEVELOPMENT RELATED TO MEDIA AND DIGITAL ARTS IN GASP\u00c9SIE<\/strong>.<\/p>\n\n\n\n<p>The first General Assembly for Media Arts in Gasp\u00e9sie, taking place ONLINE on May 15 and 16, 2021, will make history. This exceptional meeting is an invitation to those working in the field of cultural action, to engage in an exchange of views, based on an inventory of media and digital arts in Gasp\u00e9sie, in order to work together to define a true \u201ccharter\u201d of media cultural action in the region.<\/p>\n\n\n\n<p>One of the objectives of the general assembly is to discuss practices in the field and to define key issues, in order to identify the<a> <\/a>strategic lines of a structuring commitment to the development of media and digital arts in Gasp\u00e9sie. The <em>Festival Les Perc\u00e9ides<\/em> and the <em>Grande rencontre des arts m\u00e9diatiques en Gasp\u00e9sie<\/em>, as annual events, position themselves as federating bodies for the whole of film and media practices in Gasp\u00e9sie, with the aim of being able to address professional and political leaders about the defined key issues.<\/p>\n\n\n\n<figure class=\"wp-block-image size-large\"><img loading=\"lazy\" decoding=\"async\" width=\"847\" height=\"683\" src=\"https:\/\/perceides.ca\/etatsgenerauxartsmediatiquesgaspesie\/wp-content\/uploads\/2021\/04\/mosaique_b.png\" alt=\"\" class=\"wp-image-1069\" srcset=\"https:\/\/perceides.ca\/etatsgenerauxartsmediatiquesgaspesie\/wp-content\/uploads\/2021\/04\/mosaique_b.png 847w, https:\/\/perceides.ca\/etatsgenerauxartsmediatiquesgaspesie\/wp-content\/uploads\/2021\/04\/mosaique_b-600x484.png 600w, https:\/\/perceides.ca\/etatsgenerauxartsmediatiquesgaspesie\/wp-content\/uploads\/2021\/04\/mosaique_b-768x619.png 768w\" sizes=\"auto, (max-width: 847px) 100vw, 847px\" \/><\/figure>\n\n\n\n<p><strong>SPEAKERS\/INTERVENTIONS\/EXCHANGES<\/strong><\/p>\n\n\n\n<p>CLAIRE MOEDER<br><strong>Multidisciplinary artist from Gasp\u00e9sie<\/strong><br>Presentation: <a href=\"https:\/\/perceides.ca\/etatsgenerauxartsmediatiquesgaspesie\/programmation\/ou-tu-vas-quand-tu-crees-en-marchant\/\"><a href=\"https:\/\/perceides.ca\/etatsgenerauxartsmediatiquesgaspesie\/programmation\/ou-tu-vas-quand-tu-crees-en-marchant\/\">O\u00f9 tu vas quand tu cr\u00e9es en marchant ? Une r\u00e9sidence nomade le long du littoral entre texte et image<\/a><\/a><\/p>\n\n\n\n<p>FABRICE MONTAL<br><strong>Film and media arts historian<\/strong><br>Presentation: <a href=\"https:\/\/perceides.ca\/etatsgenerauxartsmediatiquesgaspesie\/programmation\/les-arts-mediatiques-un-survol-historique\/\">Les arts m\u00e9diatiques: un survol historique<\/a><\/p>\n\n\n\n<p>MARYSE GOUDREAU<br><strong>Multidisciplinary artist from Gasp\u00e9sie<\/strong><br>Presentation: <a href=\"https:\/\/perceides.ca\/etatsgenerauxartsmediatiquesgaspesie\/programmation\/une-plonge-dans-le-vertige-des-archives\/\">Une plong\u00e9e dans le vertige des archives<\/a><\/p>\n\n\n\n<p>MO\u00cfSE MARCOUX-CHABOT<br><strong>Film director from Gasp\u00e9sie<\/strong><br>Presentation: <a href=\"https:\/\/perceides.ca\/etatsgenerauxartsmediatiquesgaspesie\/programmation\/ramailler-distance-et-proximite\/\">Ramailler distance et proximit\u00e9<\/a><\/p>\n\n\n\n<p>GUILLAUME VALL\u00c9E<br><strong>Experimental filmmaker and video artist<\/strong><br>Presentation: <a href=\"https:\/\/perceides.ca\/etatsgenerauxartsmediatiquesgaspesie\/programmation\/parcours-hybridite-et-glitch-analogique\/\">Parcours, hybridit\u00e9 et glitch analogique<\/a><\/p>\n\n\n\n<p>JOHN BLOUIN<br><strong>Filmmaker, media artist and independent curator<\/strong><br>Presentation: <a href=\"https:\/\/perceides.ca\/etatsgenerauxartsmediatiquesgaspesie\/programmation\/au-seuil-de-lanalogique-et-du-numerique-lart\/\">Au seuil de l\u2019analogique et du num\u00e9rique, l\u2019art<\/a><\/p>\n\n\n\n<p>JULIEN BOISVERT<br><strong>Fi<\/strong><strong>l<\/strong><strong>mmaker and activist<\/strong><br>Presentation: <a href=\"https:\/\/perceides.ca\/etatsgenerauxartsmediatiquesgaspesie\/programmation\/faire-de-la-webfiction-avantages-et-inconvenients\/\">Faire de la webfiction: avantages et inconv\u00e9nients<\/a><\/p>\n\n\n\n<p>ELOI CHAMPAGNE<br><strong>Technical Director for the National Film Board of Canada<\/strong><br>Presentation: <a href=\"https:\/\/perceides.ca\/etatsgenerauxartsmediatiquesgaspesie\/programmation\/les-nouveaux-outils-de-creation-immersifs-et-en-temps-reel-leurs-impacts-sur-la-creation-et-la-production-cinematographique\/\">Les nouveaux outils de cr\u00e9ation immersifs et en temps r\u00e9el : leurs impacts sur la cr\u00e9ation et la production cin\u00e9matographique<\/a><\/p>\n\n\n\n<p>KARINE BOULANGER<br><strong>Curator<\/strong><br>Presentation: <a href=\"https:\/\/perceides.ca\/etatsgenerauxartsmediatiquesgaspesie\/programmation\/la-diffusion-des-arts-mediatiques-quels-contextes\/\">La diffusion des arts m\u00e9diatiques, quels contextes?<\/a><\/p>\n\n\n\n<p>JONATHAN DESJARLAIS<br><strong>Photographer and VJ from Gasp\u00e9<\/strong><br>Presentation: <a href=\"https:\/\/perceides.ca\/etatsgenerauxartsmediatiquesgaspesie\/programmation\/cest-quoi-le-v-dans-vjing\/\">C\u2019est quoi le V dans Vjing?<\/a><\/p>\n\n\n\n<p>KATHY KENNEDY<br><strong>Sound artist<\/strong><br>Presentation: <a href=\"https:\/\/perceides.ca\/etatsgenerauxartsmediatiquesgaspesie\/programmation\/rencontre-autour-du-projet-radio-drive-in-a-douglastown-avec-kathy-kennedy\/\">Rencontre autour du projet Radio Drive-in \u00e0 Douglastown avec Kathy Kennedy<\/a><\/p>\n\n\n\n<p>JONAS LUCYCKX<br><strong>Filmmaker and producer (Belgium)<\/strong><br>Presentation: <a href=\"https:\/\/perceides.ca\/etatsgenerauxartsmediatiquesgaspesie\/programmation\/les-brise-lames-espace-de-valorisation-et-de-diffusion-de-paroles-de-jeunes\/\">Les brise-lames, espace de valorisation et de diffusion de paroles de jeunes<\/a><\/p>\n\n\n\n<p>DIANE POITRAS, RUI SILVEIRA and VLADIM DUMESH<br><strong>Labdoc \u2013 Research laboratory on documentary audiovisual practices (UQAM)<\/strong><br>Presentation: <a href=\"https:\/\/perceides.ca\/etatsgenerauxartsmediatiquesgaspesie\/programmation\/rencontre-autour-du-projet-labdoc-avec-diane-poitras-rui-silveira-et-vadims-dumesh\/\">Rencontre autour des projets du labdoc<\/a><\/p>\n\n\n\n<p>MYRIAM ACHARD<br><strong>Head \u2013 New Media Partnerships &amp; PR, PHI<\/strong><br>Presentation:<a href=\"https:\/\/perceides.ca\/etatsgenerauxartsmediatiquesgaspesie\/programmation\/etude-de-cas-autour-de-lexperience-de-realite-virtuelle-carne-y-arena-dalejandro-gonzalez-inarritu\/\"> Rencontre avec Myriam Achard du centre PHI \u00e0 Montr\u00e9al<\/a><br>In addition to attending inspiring presentations from these artists and artisans, we will travel to different sites to visit audacious digital art projects such as:<\/p>\n\n\n\n<p>At the Mus\u00e9e de la Gasp\u00e9sie we will meet Katherine Yockell, head of animation, who will show us an exhibition using digital technologies. We\u2019ll visit the exhibition <a href=\"https:\/\/museedelagaspesie.ca\/pages\/le-grand-large-exposition\">Le grand large<\/a>, which tells the story of Gasp\u00e9sie through fifteen sailboats, Viking drakkars to the Gaspesians, passing through Micmac deep sea canoes. The current exhibition uses augmented reality, virtual reality, and holograms.&nbsp;<\/p>\n\n\n\n<p>In Matane, we\u2019ll meet curator Gilles Arteau, who will guide us through a current exhibition from PHOS, a photographic and digital event which begins its eight edition on May 14, in Gasp\u00e9sie.<\/p>\n\n\n\n<p>Finally, we\u2019ll meet Myriam Achard, from the PHI Centre in Montreal, who will present the context of Mexican filmmaker Alejandro G. I\u00f1\u00e1rritu&#8217;s digital work, <em>Carne y arena<\/em>, an exceptional and gripping immersive virtual reality experience which had its world premiere at the Cannes Festival and is currently being presented at l\u2019Arsenal, in Montreal.<\/p>\n\n\n\n<p><strong>SCRIPTING THE FUTURE<\/strong><br>Recommendations and a brief will be written in order to promote and recognize professional development related to media arts and \u201cthe seventh art\u201d in Gasp\u00e9sie. &#8220;Welcome participants and pathfinders. Let&#8217;s write a new page in the history of media arts and independent film in the region together,\u201d declares Fran\u00e7ois Cormier, initiator of the event, co-delegate of the General Assembly of Media Arts in Gasp\u00e9sie and founder, general and artistic director of the <em>Festival Les Perc\u00e9ides<\/em> and of the <em>Grande rencontre des arts m\u00e9diatiques en Gasp\u00e9sie<\/em>.<br><br>\u201cThis general assembly will give us the opportunity to reflect, together, on current practices and issues surrounding media arts in the region. I\u2019m convinced that discussion and exchange about media art in Gasp\u00e9sie will open up new opportunities for fruitful collaboration,&#8221; declares Esther Bourdages, co-delegate of the General Assembly for Media Arts in Gasp\u00e9sie and curator of <em>the Grande rencontre des arts m\u00e9diatiques en Gasp\u00e9sie.<\/em>&nbsp;<\/p>\n\n\n\n<p>Director and professor of cinema and philosophy Alexandra Guit\u00e9, a native of Perc\u00e9, will act as moderator and cultural mediator for the event. About the event, she states: &#8220;If we can&#8217;t all be together in the Gasp\u00e9sie, energized by the ocean spray, let&#8217;s seize this virtual opportunity to better understand the state of our artistic fields, to establish precious collaborations and to open new creative horizons.&#8221;<\/p>\n\n\n\n<p>Registration is open and participants can register today to get their Digital Passport.<\/p>\n\n\n\n<p><strong>DIGITAL PASSPORT<\/strong><br><strong>Registration fee for both days:<\/strong> $ 75.00 (general), $ 45.00 (student)<br><strong>Early bird price before May 1st, 2021:<\/strong> $ 60.00 (general), $ 30.00 (student)<br><br>Media relations:<br>IXION Communications <a href=\"mailto:info@ixioncommunications.com\">info@ixioncommunications.com<\/a><br>T: 514-495-8176<\/p>\n\n\n\n<p><a href=\"https:\/\/perceides.ca\/salle-de-presse\/\">Press release<\/a><\/p>\n","protected":false},"excerpt":{"rendered":"<p>LE FESTIVAL LES PERC\u00c9IDES ET LA GRANDE RENCONTRE DES ARTS M\u00c9DIATIQUES EN GASP\u00c9SIE CR\u00c9ENT LES PREMIERS \u00c9TATS G\u00c9N\u00c9RAUX DES ARTS M\u00c9DIATIQUES EN GASP\u00c9SIE LES 15 ET 16 MAI 2021 EN LIGNE English version follows Perc\u00e9, le 21 avril 2021 &#8211; Le Festival de cin\u00e9ma Les Perc\u00e9ides et la Grande rencontre des arts m\u00e9diatiques en Gasp\u00e9sie &#8230; <a title=\"Accueil\" class=\"read-more\" href=\"https:\/\/perceides.ca\/etatsgenerauxartsmediatiquesgaspesie\/\" aria-label=\"En savoir plus sur Accueil\">Continuer la lecture<\/a><\/p>\n","protected":false},"author":1,"featured_media":0,"parent":0,"menu_order":0,"comment_status":"closed","ping_status":"closed","template":"","meta":{"footnotes":""},"class_list":["post-102","page","type-page","status-publish"],"_links":{"self":[{"href":"https:\/\/perceides.ca\/etatsgenerauxartsmediatiquesgaspesie\/wp-json\/wp\/v2\/pages\/102","targetHints":{"allow":["GET"]}}],"collection":[{"href":"https:\/\/perceides.ca\/etatsgenerauxartsmediatiquesgaspesie\/wp-json\/wp\/v2\/pages"}],"about":[{"href":"https:\/\/perceides.ca\/etatsgenerauxartsmediatiquesgaspesie\/wp-json\/wp\/v2\/types\/page"}],"author":[{"embeddable":true,"href":"https:\/\/perceides.ca\/etatsgenerauxartsmediatiquesgaspesie\/wp-json\/wp\/v2\/users\/1"}],"replies":[{"embeddable":true,"href":"https:\/\/perceides.ca\/etatsgenerauxartsmediatiquesgaspesie\/wp-json\/wp\/v2\/comments?post=102"}],"version-history":[{"count":55,"href":"https:\/\/perceides.ca\/etatsgenerauxartsmediatiquesgaspesie\/wp-json\/wp\/v2\/pages\/102\/revisions"}],"predecessor-version":[{"id":1213,"href":"https:\/\/perceides.ca\/etatsgenerauxartsmediatiquesgaspesie\/wp-json\/wp\/v2\/pages\/102\/revisions\/1213"}],"wp:attachment":[{"href":"https:\/\/perceides.ca\/etatsgenerauxartsmediatiquesgaspesie\/wp-json\/wp\/v2\/media?parent=102"}],"curies":[{"name":"wp","href":"https:\/\/api.w.org\/{rel}","templated":true}]}}