{"id":13805,"date":"2021-07-10T22:28:56","date_gmt":"2021-07-11T03:28:56","guid":{"rendered":"http:\/\/perceides.ca\/grande-rencontre2021\/?page_id=13805"},"modified":"2021-09-02T13:05:33","modified_gmt":"2021-09-02T18:05:33","slug":"devenir-benevole","status":"publish","type":"page","link":"https:\/\/perceides.ca\/grande-rencontre2021\/devenir-benevole\/","title":{"rendered":"Devenir b\u00e9n\u00e9vole"},"content":{"rendered":"\t\t<div data-elementor-type=\"wp-page\" data-elementor-id=\"13805\" class=\"elementor elementor-13805\" data-elementor-settings=\"[]\">\n\t\t\t\t\t\t\t<div class=\"elementor-section-wrap\">\n\t\t\t\t\t\t\t<section class=\"elementor-section elementor-top-section elementor-element elementor-element-a76a5e8 elementor-section-boxed elementor-section-height-default elementor-section-height-default\" data-id=\"a76a5e8\" data-element_type=\"section\">\n\t\t\t\t\t\t<div class=\"elementor-container elementor-column-gap-default\">\n\t\t\t\t\t<div class=\"elementor-column elementor-col-100 elementor-top-column elementor-element elementor-element-b3a6f27\" data-id=\"b3a6f27\" data-element_type=\"column\">\n\t\t\t<div class=\"elementor-widget-wrap elementor-element-populated\">\n\t\t\t\t\t\t\t\t<div class=\"elementor-element elementor-element-2c7aca7 elementor-widget elementor-widget-heading\" data-id=\"2c7aca7\" data-element_type=\"widget\" data-widget_type=\"heading.default\">\n\t\t\t\t<div class=\"elementor-widget-container\">\n\t\t\t<h1 class=\"elementor-heading-title elementor-size-medium\">Vous voulez vous impliquer b\u00e9n\u00e9volement dans le cadre de la Grande rencontre des arts m\u00e9diatiques en Gasp\u00e9sie? Vous \u00eates cin\u00e9philes ou passionn\u00e9s par les arts num\u00e9riques, m\u00e9diatiques et technologiques ou curieux d\u2019en apprendre davantage? <br>Vous pouvez nous contacter \u00e0 info @ perceides.ca<\/h1>\t\t<\/div>\n\t\t\t\t<\/div>\n\t\t\t\t\t<\/div>\n\t\t<\/div>\n\t\t\t\t\t\t\t<\/div>\n\t\t<\/section>\n\t\t\t\t\t\t<\/div>\n\t\t\t\t\t<\/div>\n\t\t","protected":false},"excerpt":{"rendered":"<p>Vous voulez vous impliquer b\u00e9n\u00e9volement dans le cadre de la Grande rencontre des arts m\u00e9diatiques en Gasp\u00e9sie? Vous \u00eates cin\u00e9philes ou passionn\u00e9s par les arts num\u00e9riques, m\u00e9diatiques et technologiques ou curieux d\u2019en apprendre davantage? Vous pouvez nous contacter \u00e0 info @ perceides.ca<\/p>\n","protected":false},"author":18,"featured_media":15256,"parent":0,"menu_order":0,"comment_status":"closed","ping_status":"closed","template":"","meta":[],"yoast_head":"<!-- This site is optimized with the Yoast SEO plugin v16.9 - https:\/\/yoast.com\/wordpress\/plugins\/seo\/ -->\n<title>Devenir b\u00e9n\u00e9vole - 6e Grande Rencontre des arts m\u00e9diatiques en Gasp\u00e9sie<\/title>\n<meta name=\"robots\" content=\"index, follow, max-snippet:-1, max-image-preview:large, max-video-preview:-1\" \/>\n<link rel=\"canonical\" href=\"https:\/\/perceides.ca\/grande-rencontre2021\/devenir-benevole\/\" \/>\n<meta property=\"og:locale\" content=\"fr_FR\" \/>\n<meta property=\"og:type\" content=\"article\" \/>\n<meta property=\"og:title\" content=\"Devenir b\u00e9n\u00e9vole - 6e Grande Rencontre des arts m\u00e9diatiques en Gasp\u00e9sie\" \/>\n<meta property=\"og:description\" content=\"Vous voulez vous impliquer b\u00e9n\u00e9volement dans le cadre de la Grande rencontre des arts m\u00e9diatiques en Gasp\u00e9sie? Vous \u00eates cin\u00e9philes ou passionn\u00e9s par les arts num\u00e9riques, m\u00e9diatiques et technologiques ou curieux d\u2019en apprendre davantage? Vous pouvez nous contacter \u00e0 info @ perceides.ca\" \/>\n<meta property=\"og:url\" content=\"https:\/\/perceides.ca\/grande-rencontre2021\/devenir-benevole\/\" \/>\n<meta property=\"og:site_name\" content=\"6e Grande Rencontre des arts m\u00e9diatiques en Gasp\u00e9sie\" \/>\n<meta property=\"article:modified_time\" content=\"2021-09-02T18:05:33+00:00\" \/>\n<meta property=\"og:image\" content=\"https:\/\/perceides.ca\/grande-rencontre2021\/wp-content\/uploads\/2021\/09\/perceides-grandes-rencontres-poster02Bcrop2.jpg\" \/>\n\t<meta property=\"og:image:width\" content=\"952\" \/>\n\t<meta property=\"og:image:height\" content=\"599\" \/>\n<meta name=\"twitter:card\" content=\"summary_large_image\" \/>\n<meta name=\"twitter:label1\" content=\"Dur\u00e9e de lecture est.\" \/>\n\t<meta name=\"twitter:data1\" content=\"1 minute\" \/>\n<script type=\"application\/ld+json\" class=\"yoast-schema-graph\">{\"@context\":\"https:\/\/schema.org\",\"@graph\":[{\"@type\":\"Organization\",\"@id\":\"https:\/\/perceides.ca\/grande-rencontre2021\/#organization\",\"name\":\"Grande rencontre des arts m\\u00e9diatiques en Gasp\\u00e9sie\",\"url\":\"https:\/\/perceides.ca\/grande-rencontre2021\/\",\"sameAs\":[],\"logo\":{\"@type\":\"ImageObject\",\"@id\":\"https:\/\/perceides.ca\/grande-rencontre2021\/#logo\",\"inLanguage\":\"fr-FR\",\"url\":\"https:\/\/perceides.ca\/grande-rencontre2021\/wp-content\/uploads\/2021\/09\/perceides-grandes-rencontres-poster02Bcrop2.jpg\",\"contentUrl\":\"https:\/\/perceides.ca\/grande-rencontre2021\/wp-content\/uploads\/2021\/09\/perceides-grandes-rencontres-poster02Bcrop2.jpg\",\"width\":952,\"height\":599,\"caption\":\"Grande rencontre des arts m\\u00e9diatiques en Gasp\\u00e9sie\"},\"image\":{\"@id\":\"https:\/\/perceides.ca\/grande-rencontre2021\/#logo\"}},{\"@type\":\"WebSite\",\"@id\":\"https:\/\/perceides.ca\/grande-rencontre2021\/#website\",\"url\":\"https:\/\/perceides.ca\/grande-rencontre2021\/\",\"name\":\"6e Grande Rencontre des arts m\\u00e9diatiques en Gasp\\u00e9sie\",\"description\":\"Perc\\u00e9, 2 au 5 septembre 2021\",\"publisher\":{\"@id\":\"https:\/\/perceides.ca\/grande-rencontre2021\/#organization\"},\"potentialAction\":[{\"@type\":\"SearchAction\",\"target\":{\"@type\":\"EntryPoint\",\"urlTemplate\":\"https:\/\/perceides.ca\/grande-rencontre2021\/?s={search_term_string}\"},\"query-input\":\"required name=search_term_string\"}],\"inLanguage\":\"fr-FR\"},{\"@type\":\"ImageObject\",\"@id\":\"https:\/\/perceides.ca\/grande-rencontre2021\/devenir-benevole\/#primaryimage\",\"inLanguage\":\"fr-FR\",\"url\":\"https:\/\/perceides.ca\/grande-rencontre2021\/wp-content\/uploads\/2021\/09\/perceides-grandes-rencontres-poster02Bcrop2.jpg\",\"contentUrl\":\"https:\/\/perceides.ca\/grande-rencontre2021\/wp-content\/uploads\/2021\/09\/perceides-grandes-rencontres-poster02Bcrop2.jpg\",\"width\":952,\"height\":599},{\"@type\":\"WebPage\",\"@id\":\"https:\/\/perceides.ca\/grande-rencontre2021\/devenir-benevole\/#webpage\",\"url\":\"https:\/\/perceides.ca\/grande-rencontre2021\/devenir-benevole\/\",\"name\":\"Devenir b\\u00e9n\\u00e9vole - 6e Grande Rencontre des arts m\\u00e9diatiques en Gasp\\u00e9sie\",\"isPartOf\":{\"@id\":\"https:\/\/perceides.ca\/grande-rencontre2021\/#website\"},\"primaryImageOfPage\":{\"@id\":\"https:\/\/perceides.ca\/grande-rencontre2021\/devenir-benevole\/#primaryimage\"},\"datePublished\":\"2021-07-11T03:28:56+00:00\",\"dateModified\":\"2021-09-02T18:05:33+00:00\",\"breadcrumb\":{\"@id\":\"https:\/\/perceides.ca\/grande-rencontre2021\/devenir-benevole\/#breadcrumb\"},\"inLanguage\":\"fr-FR\",\"potentialAction\":[{\"@type\":\"ReadAction\",\"target\":[\"https:\/\/perceides.ca\/grande-rencontre2021\/devenir-benevole\/\"]}]},{\"@type\":\"BreadcrumbList\",\"@id\":\"https:\/\/perceides.ca\/grande-rencontre2021\/devenir-benevole\/#breadcrumb\",\"itemListElement\":[{\"@type\":\"ListItem\",\"position\":1,\"name\":\"Accueil\",\"item\":\"https:\/\/perceides.ca\/grande-rencontre2021\/\"},{\"@type\":\"ListItem\",\"position\":2,\"name\":\"Devenir b\\u00e9n\\u00e9vole\"}]}]}<\/script>\n<!-- \/ Yoast SEO plugin. -->","yoast_head_json":{"title":"Devenir b\u00e9n\u00e9vole - 6e Grande Rencontre des arts m\u00e9diatiques en Gasp\u00e9sie","robots":{"index":"index","follow":"follow","max-snippet":"max-snippet:-1","max-image-preview":"max-image-preview:large","max-video-preview":"max-video-preview:-1"},"canonical":"https:\/\/perceides.ca\/grande-rencontre2021\/devenir-benevole\/","og_locale":"fr_FR","og_type":"article","og_title":"Devenir b\u00e9n\u00e9vole - 6e Grande Rencontre des arts m\u00e9diatiques en Gasp\u00e9sie","og_description":"Vous voulez vous impliquer b\u00e9n\u00e9volement dans le cadre de la Grande rencontre des arts m\u00e9diatiques en Gasp\u00e9sie? Vous \u00eates cin\u00e9philes ou passionn\u00e9s par les arts num\u00e9riques, m\u00e9diatiques et technologiques ou curieux d\u2019en apprendre davantage? Vous pouvez nous contacter \u00e0 info @ perceides.ca","og_url":"https:\/\/perceides.ca\/grande-rencontre2021\/devenir-benevole\/","og_site_name":"6e Grande Rencontre des arts m\u00e9diatiques en Gasp\u00e9sie","article_modified_time":"2021-09-02T18:05:33+00:00","og_image":[{"width":952,"height":599,"url":"https:\/\/perceides.ca\/grande-rencontre2021\/wp-content\/uploads\/2021\/09\/perceides-grandes-rencontres-poster02Bcrop2.jpg","path":"\/home\/percei\/public_html\/grande-rencontre2021\/wp-content\/uploads\/2021\/09\/perceides-grandes-rencontres-poster02Bcrop2.jpg","size":"full","id":15256,"alt":"","pixels":570248,"type":"image\/jpeg"}],"twitter_card":"summary_large_image","twitter_misc":{"Dur\u00e9e de lecture est.":"1 minute"},"schema":{"@context":"https:\/\/schema.org","@graph":[{"@type":"Organization","@id":"https:\/\/perceides.ca\/grande-rencontre2021\/#organization","name":"Grande rencontre des arts m\u00e9diatiques en Gasp\u00e9sie","url":"https:\/\/perceides.ca\/grande-rencontre2021\/","sameAs":[],"logo":{"@type":"ImageObject","@id":"https:\/\/perceides.ca\/grande-rencontre2021\/#logo","inLanguage":"fr-FR","url":"https:\/\/perceides.ca\/grande-rencontre2021\/wp-content\/uploads\/2021\/09\/perceides-grandes-rencontres-poster02Bcrop2.jpg","contentUrl":"https:\/\/perceides.ca\/grande-rencontre2021\/wp-content\/uploads\/2021\/09\/perceides-grandes-rencontres-poster02Bcrop2.jpg","width":952,"height":599,"caption":"Grande rencontre des arts m\u00e9diatiques en Gasp\u00e9sie"},"image":{"@id":"https:\/\/perceides.ca\/grande-rencontre2021\/#logo"}},{"@type":"WebSite","@id":"https:\/\/perceides.ca\/grande-rencontre2021\/#website","url":"https:\/\/perceides.ca\/grande-rencontre2021\/","name":"6e Grande Rencontre des arts m\u00e9diatiques en Gasp\u00e9sie","description":"Perc\u00e9, 2 au 5 septembre 2021","publisher":{"@id":"https:\/\/perceides.ca\/grande-rencontre2021\/#organization"},"potentialAction":[{"@type":"SearchAction","target":{"@type":"EntryPoint","urlTemplate":"https:\/\/perceides.ca\/grande-rencontre2021\/?s={search_term_string}"},"query-input":"required name=search_term_string"}],"inLanguage":"fr-FR"},{"@type":"ImageObject","@id":"https:\/\/perceides.ca\/grande-rencontre2021\/devenir-benevole\/#primaryimage","inLanguage":"fr-FR","url":"https:\/\/perceides.ca\/grande-rencontre2021\/wp-content\/uploads\/2021\/09\/perceides-grandes-rencontres-poster02Bcrop2.jpg","contentUrl":"https:\/\/perceides.ca\/grande-rencontre2021\/wp-content\/uploads\/2021\/09\/perceides-grandes-rencontres-poster02Bcrop2.jpg","width":952,"height":599},{"@type":"WebPage","@id":"https:\/\/perceides.ca\/grande-rencontre2021\/devenir-benevole\/#webpage","url":"https:\/\/perceides.ca\/grande-rencontre2021\/devenir-benevole\/","name":"Devenir b\u00e9n\u00e9vole - 6e Grande Rencontre des arts m\u00e9diatiques en Gasp\u00e9sie","isPartOf":{"@id":"https:\/\/perceides.ca\/grande-rencontre2021\/#website"},"primaryImageOfPage":{"@id":"https:\/\/perceides.ca\/grande-rencontre2021\/devenir-benevole\/#primaryimage"},"datePublished":"2021-07-11T03:28:56+00:00","dateModified":"2021-09-02T18:05:33+00:00","breadcrumb":{"@id":"https:\/\/perceides.ca\/grande-rencontre2021\/devenir-benevole\/#breadcrumb"},"inLanguage":"fr-FR","potentialAction":[{"@type":"ReadAction","target":["https:\/\/perceides.ca\/grande-rencontre2021\/devenir-benevole\/"]}]},{"@type":"BreadcrumbList","@id":"https:\/\/perceides.ca\/grande-rencontre2021\/devenir-benevole\/#breadcrumb","itemListElement":[{"@type":"ListItem","position":1,"name":"Accueil","item":"https:\/\/perceides.ca\/grande-rencontre2021\/"},{"@type":"ListItem","position":2,"name":"Devenir b\u00e9n\u00e9vole"}]}]}},"_links":{"self":[{"href":"https:\/\/perceides.ca\/grande-rencontre2021\/wp-json\/wp\/v2\/pages\/13805"}],"collection":[{"href":"https:\/\/perceides.ca\/grande-rencontre2021\/wp-json\/wp\/v2\/pages"}],"about":[{"href":"https:\/\/perceides.ca\/grande-rencontre2021\/wp-json\/wp\/v2\/types\/page"}],"author":[{"embeddable":true,"href":"https:\/\/perceides.ca\/grande-rencontre2021\/wp-json\/wp\/v2\/users\/18"}],"replies":[{"embeddable":true,"href":"https:\/\/perceides.ca\/grande-rencontre2021\/wp-json\/wp\/v2\/comments?post=13805"}],"version-history":[{"count":16,"href":"https:\/\/perceides.ca\/grande-rencontre2021\/wp-json\/wp\/v2\/pages\/13805\/revisions"}],"predecessor-version":[{"id":15258,"href":"https:\/\/perceides.ca\/grande-rencontre2021\/wp-json\/wp\/v2\/pages\/13805\/revisions\/15258"}],"wp:featuredmedia":[{"embeddable":true,"href":"https:\/\/perceides.ca\/grande-rencontre2021\/wp-json\/wp\/v2\/media\/15256"}],"wp:attachment":[{"href":"https:\/\/perceides.ca\/grande-rencontre2021\/wp-json\/wp\/v2\/media?parent=13805"}],"curies":[{"name":"wp","href":"https:\/\/api.w.org\/{rel}","templated":true}]}}